{"id":12,"date":"2025-12-01T16:54:35","date_gmt":"2025-12-01T16:54:35","guid":{"rendered":"https:\/\/viochar.com\/dk\/?page_id=12"},"modified":"2025-12-21T21:14:30","modified_gmt":"2025-12-21T19:14:30","slug":"forside","status":"publish","type":"page","link":"https:\/\/viochar.com\/dk\/","title":{"rendered":"Forside"},"content":{"rendered":"\t\t<div data-elementor-type=\"wp-page\" data-elementor-id=\"12\" class=\"elementor elementor-12\" data-elementor-post-type=\"page\">\n\t\t\t\t<div class=\"elementor-element elementor-element-135490dc e-flex e-con-boxed e-con e-parent\" data-id=\"135490dc\" data-element_type=\"container\" data-e-type=\"container\" data-settings=\"{&quot;background_background&quot;:&quot;classic&quot;}\">\n\t\t\t\t\t<div class=\"e-con-inner\">\n\t\t\t\t<div class=\"elementor-element elementor-element-67a1f800 elementor-invisible elementor-widget elementor-widget-heading\" data-id=\"67a1f800\" data-element_type=\"widget\" data-e-type=\"widget\" data-settings=\"{&quot;_animation&quot;:&quot;fadeIn&quot;}\" data-widget_type=\"heading.default\">\n\t\t\t\t\t<h1 class=\"elementor-heading-title elementor-size-default\">VIOCHAR<\/h1>\t\t\t\t<\/div>\n\t\t\t\t<div class=\"elementor-element elementor-element-1c2529a elementor-invisible elementor-widget elementor-widget-heading\" data-id=\"1c2529a\" data-element_type=\"widget\" data-e-type=\"widget\" data-settings=\"{&quot;_animation&quot;:&quot;fadeIn&quot;}\" data-widget_type=\"heading.default\">\n\t\t\t\t\t<h5 class=\"elementor-heading-title elementor-size-default\">Skalerbar carbon capture, simpelt<\/h5>\t\t\t\t<\/div>\n\t\t\t\t\t<\/div>\n\t\t\t\t<\/div>\n\t\t<div class=\"elementor-element elementor-element-f3843ba e-flex e-con-boxed elementor-invisible e-con e-parent\" data-id=\"f3843ba\" data-element_type=\"container\" data-e-type=\"container\" data-settings=\"{&quot;animation&quot;:&quot;fadeIn&quot;,&quot;background_background&quot;:&quot;classic&quot;}\">\n\t\t\t\t\t<div class=\"e-con-inner\">\n\t\t<div class=\"elementor-element elementor-element-570b0c6 e-grid e-con-full e-con e-child\" data-id=\"570b0c6\" data-element_type=\"container\" data-e-type=\"container\">\n\t\t\t\t<div class=\"elementor-element elementor-element-2eee94f elementor-invisible elementor-widget elementor-widget-heading\" data-id=\"2eee94f\" data-element_type=\"widget\" data-e-type=\"widget\" data-settings=\"{&quot;_animation&quot;:&quot;fadeIn&quot;}\" data-widget_type=\"heading.default\">\n\t\t\t\t\t<h2 class=\"elementor-heading-title elementor-size-default\">Carbon capture er en af de vigtigste l\u00f8sninger p\u00e5 klimakrisen<\/h2>\t\t\t\t<\/div>\n\t\t\t\t<div class=\"elementor-element elementor-element-6d57443 elementor-invisible elementor-widget elementor-widget-text-editor\" data-id=\"6d57443\" data-element_type=\"widget\" data-e-type=\"widget\" data-settings=\"{&quot;_animation&quot;:&quot;fadeIn&quot;}\" data-widget_type=\"text-editor.default\">\n\t\t\t\t\t\t\t\t\t<p class=\"\" style=\"white-space-collapse: preserve;\" data-pm-slice=\"0 0 []\">Pyrolysebaseret carbon capture er en af de mest effektive tilgange til bek\u00e6mpelse af klimaforandringer. Ved at omdanne organisk affald til en stabil form for kulstof, f\u00e5r vi et produkt der kan bruges til en lang r\u00e6kke form\u00e5l fra landbrug, industri, vandrensning eller byggeriet, samtidig med at vi lagrer kulstof permanent.<\/p>\t\t\t\t\t\t\t\t<\/div>\n\t\t\t\t<\/div>\n\t\t\t\t\t<\/div>\n\t\t\t\t<\/div>\n\t\t<div class=\"elementor-element elementor-element-72e6f159 e-flex e-con-boxed elementor-invisible e-con e-parent\" data-id=\"72e6f159\" data-element_type=\"container\" data-e-type=\"container\" data-settings=\"{&quot;background_background&quot;:&quot;classic&quot;,&quot;animation&quot;:&quot;fadeIn&quot;}\">\n\t\t\t\t\t<div class=\"e-con-inner\">\n\t\t<div class=\"elementor-element elementor-element-737d465f e-con-full e-flex e-con e-child\" data-id=\"737d465f\" data-element_type=\"container\" data-e-type=\"container\">\n\t\t\t\t<div class=\"elementor-element elementor-element-1f2f7cac elementor-invisible elementor-widget elementor-widget-heading\" data-id=\"1f2f7cac\" data-element_type=\"widget\" data-e-type=\"widget\" data-settings=\"{&quot;_animation&quot;:&quot;fadeIn&quot;}\" data-widget_type=\"heading.default\">\n\t\t\t\t\t<h2 class=\"elementor-heading-title elementor-size-default\">Funktionel teknologi<\/h2>\t\t\t\t<\/div>\n\t\t\t\t<div class=\"elementor-element elementor-element-8b12c99 elementor-invisible elementor-widget elementor-widget-text-editor\" data-id=\"8b12c99\" data-element_type=\"widget\" data-e-type=\"widget\" data-settings=\"{&quot;_animation&quot;:&quot;fadeIn&quot;}\" data-widget_type=\"text-editor.default\">\n\t\t\t\t\t\t\t\t\t<p class=\"\" style=\"white-space-collapse: preserve;\" data-pm-slice=\"1 1 []\">Mange pyrolysereaktorer er overkomplicerede, hvilket resulterer i store udviklingsomkostninger og forsinkelser. Vores pyrolysereaktorer er enkle og effektive. Teknologien har i princippet eksisteret i hundrede \u00e5r. Vi har bare gjort den mere p\u00e5lidelig og effektiv med hj\u00e6lp fra vores venner hos <a href=\"https:\/\/puhi.fi\" target=\"_blank\" rel=\"noopener\">PUHI<\/a>.<\/p>\t\t\t\t\t\t\t\t<\/div>\n\t\t\t\t<\/div>\n\t\t<div class=\"elementor-element elementor-element-396c8cd6 e-con-full e-flex e-con e-child\" data-id=\"396c8cd6\" data-element_type=\"container\" data-e-type=\"container\">\n\t\t\t\t<div class=\"elementor-element elementor-element-5e2a260f elementor-invisible elementor-widget elementor-widget-image\" data-id=\"5e2a260f\" data-element_type=\"widget\" data-e-type=\"widget\" data-settings=\"{&quot;_animation&quot;:&quot;fadeIn&quot;}\" data-widget_type=\"image.default\">\n\t\t\t\t\t\t\t\t\t\t\t\t\t\t\t<img fetchpriority=\"high\" decoding=\"async\" width=\"800\" height=\"450\" src=\"https:\/\/viochar.com\/dk\/wp-content\/uploads\/sites\/3\/2025\/12\/Puuhiilireaktori_markkinointi_5-ai-brush-removebg-647sv55f-1024x576.webp\" class=\"attachment-large size-large wp-image-211\" alt=\"\" srcset=\"https:\/\/viochar.com\/dk\/wp-content\/uploads\/sites\/3\/2025\/12\/Puuhiilireaktori_markkinointi_5-ai-brush-removebg-647sv55f-1024x576.webp 1024w, https:\/\/viochar.com\/dk\/wp-content\/uploads\/sites\/3\/2025\/12\/Puuhiilireaktori_markkinointi_5-ai-brush-removebg-647sv55f-300x169.webp 300w, https:\/\/viochar.com\/dk\/wp-content\/uploads\/sites\/3\/2025\/12\/Puuhiilireaktori_markkinointi_5-ai-brush-removebg-647sv55f-768x432.webp 768w, https:\/\/viochar.com\/dk\/wp-content\/uploads\/sites\/3\/2025\/12\/Puuhiilireaktori_markkinointi_5-ai-brush-removebg-647sv55f-1536x864.webp 1536w, https:\/\/viochar.com\/dk\/wp-content\/uploads\/sites\/3\/2025\/12\/Puuhiilireaktori_markkinointi_5-ai-brush-removebg-647sv55f.webp 1920w\" sizes=\"(max-width: 800px) 100vw, 800px\" \/>\t\t\t\t\t\t\t\t\t\t\t\t\t\t\t<\/div>\n\t\t\t\t<\/div>\n\t\t\t\t\t<\/div>\n\t\t\t\t<\/div>\n\t\t<div class=\"elementor-element elementor-element-95c547b elementor-hidden-desktop elementor-hidden-tablet e-flex e-con-boxed elementor-invisible e-con e-parent\" data-id=\"95c547b\" data-element_type=\"container\" data-e-type=\"container\" data-settings=\"{&quot;background_background&quot;:&quot;classic&quot;,&quot;animation&quot;:&quot;fadeIn&quot;}\">\n\t\t\t\t\t<div class=\"e-con-inner\">\n\t\t<div class=\"elementor-element elementor-element-1c2ee09 e-con-full e-flex e-con e-child\" data-id=\"1c2ee09\" data-element_type=\"container\" data-e-type=\"container\">\n\t\t<div class=\"elementor-element elementor-element-7bbee32 e-con-full e-flex elementor-invisible e-con e-child\" data-id=\"7bbee32\" data-element_type=\"container\" data-e-type=\"container\" data-settings=\"{&quot;animation&quot;:&quot;fadeIn&quot;}\">\n\t\t\t\t<div class=\"elementor-element elementor-element-2752275 elementor-invisible elementor-widget elementor-widget-heading\" data-id=\"2752275\" data-element_type=\"widget\" data-e-type=\"widget\" data-settings=\"{&quot;_animation&quot;:&quot;fadeIn&quot;}\" data-widget_type=\"heading.default\">\n\t\t\t\t\t<h2 class=\"elementor-heading-title elementor-size-default\">Biokul af h\u00f8j kvalitet<\/h2>\t\t\t\t<\/div>\n\t\t\t\t<div class=\"elementor-element elementor-element-ce0b21e elementor-widget elementor-widget-text-editor\" data-id=\"ce0b21e\" data-element_type=\"widget\" data-e-type=\"widget\" data-widget_type=\"text-editor.default\">\n\t\t\t\t\t\t\t\t\t<p class=\"\" style=\"white-space-collapse: preserve;\" data-pm-slice=\"1 1 []\">Biokul er ikke bare biokul. For at g\u00f8re det endelige resultat s\u00e5 stabilt og anvendeligt som muligt s\u00f8rger vi for at bruge det helt rigtige r\u00e5materiale og den helt rigtige produktionsproces for at lave f\u00f8rsteklasses tr\u00e6kul, der kan bruges til en lang r\u00e6kke produkter og form\u00e5l.<\/p>\t\t\t\t\t\t\t\t<\/div>\n\t\t\t\t<\/div>\n\t\t\t\t<div class=\"elementor-element elementor-element-a9f0ac3 elementor-widget__width-initial elementor-invisible elementor-widget elementor-widget-image\" data-id=\"a9f0ac3\" data-element_type=\"widget\" data-e-type=\"widget\" data-settings=\"{&quot;_animation&quot;:&quot;fadeIn&quot;}\" data-widget_type=\"image.default\">\n\t\t\t\t\t\t\t\t\t\t\t\t\t\t\t<img decoding=\"async\" width=\"768\" height=\"1024\" src=\"https:\/\/viochar.com\/dk\/wp-content\/uploads\/sites\/3\/2025\/12\/IMG_3871-768x1024.webp\" class=\"attachment-large size-large wp-image-210\" alt=\"\" srcset=\"https:\/\/viochar.com\/dk\/wp-content\/uploads\/sites\/3\/2025\/12\/IMG_3871-768x1024.webp 768w, https:\/\/viochar.com\/dk\/wp-content\/uploads\/sites\/3\/2025\/12\/IMG_3871-225x300.webp 225w, https:\/\/viochar.com\/dk\/wp-content\/uploads\/sites\/3\/2025\/12\/IMG_3871-1152x1536.webp 1152w, https:\/\/viochar.com\/dk\/wp-content\/uploads\/sites\/3\/2025\/12\/IMG_3871-1536x2048.webp 1536w, https:\/\/viochar.com\/dk\/wp-content\/uploads\/sites\/3\/2025\/12\/IMG_3871-scaled.webp 1920w\" sizes=\"(max-width: 768px) 100vw, 768px\" \/>\t\t\t\t\t\t\t\t\t\t\t\t\t\t\t<\/div>\n\t\t\t\t<\/div>\n\t\t\t\t\t<\/div>\n\t\t\t\t<\/div>\n\t\t<div class=\"elementor-element elementor-element-7c176b1 elementor-hidden-mobile e-flex e-con-boxed elementor-invisible e-con e-parent\" data-id=\"7c176b1\" data-element_type=\"container\" data-e-type=\"container\" data-settings=\"{&quot;background_background&quot;:&quot;classic&quot;,&quot;animation&quot;:&quot;fadeIn&quot;}\">\n\t\t\t\t\t<div class=\"e-con-inner\">\n\t\t<div class=\"elementor-element elementor-element-a48299a e-con-full e-flex e-con e-child\" data-id=\"a48299a\" data-element_type=\"container\" data-e-type=\"container\">\n\t\t\t\t<div class=\"elementor-element elementor-element-72591f5 elementor-widget__width-initial elementor-invisible elementor-widget elementor-widget-image\" data-id=\"72591f5\" data-element_type=\"widget\" data-e-type=\"widget\" data-settings=\"{&quot;_animation&quot;:&quot;fadeIn&quot;}\" data-widget_type=\"image.default\">\n\t\t\t\t\t\t\t\t\t\t\t\t\t\t\t<img decoding=\"async\" width=\"768\" height=\"1024\" src=\"https:\/\/viochar.com\/dk\/wp-content\/uploads\/sites\/3\/2025\/12\/IMG_3871-768x1024.webp\" class=\"attachment-large size-large wp-image-210\" alt=\"\" srcset=\"https:\/\/viochar.com\/dk\/wp-content\/uploads\/sites\/3\/2025\/12\/IMG_3871-768x1024.webp 768w, https:\/\/viochar.com\/dk\/wp-content\/uploads\/sites\/3\/2025\/12\/IMG_3871-225x300.webp 225w, https:\/\/viochar.com\/dk\/wp-content\/uploads\/sites\/3\/2025\/12\/IMG_3871-1152x1536.webp 1152w, https:\/\/viochar.com\/dk\/wp-content\/uploads\/sites\/3\/2025\/12\/IMG_3871-1536x2048.webp 1536w, https:\/\/viochar.com\/dk\/wp-content\/uploads\/sites\/3\/2025\/12\/IMG_3871-scaled.webp 1920w\" sizes=\"(max-width: 768px) 100vw, 768px\" \/>\t\t\t\t\t\t\t\t\t\t\t\t\t\t\t<\/div>\n\t\t\t\t<\/div>\n\t\t<div class=\"elementor-element elementor-element-2caa95f e-con-full e-flex elementor-invisible e-con e-child\" data-id=\"2caa95f\" data-element_type=\"container\" data-e-type=\"container\" data-settings=\"{&quot;animation&quot;:&quot;fadeIn&quot;}\">\n\t\t\t\t<div class=\"elementor-element elementor-element-621dfa7 elementor-invisible elementor-widget elementor-widget-heading\" data-id=\"621dfa7\" data-element_type=\"widget\" data-e-type=\"widget\" data-settings=\"{&quot;_animation&quot;:&quot;fadeIn&quot;}\" data-widget_type=\"heading.default\">\n\t\t\t\t\t<h2 class=\"elementor-heading-title elementor-size-default\">Biokul af h\u00f8j kvalitet<\/h2>\t\t\t\t<\/div>\n\t\t\t\t<div class=\"elementor-element elementor-element-a1f9e3d elementor-widget elementor-widget-text-editor\" data-id=\"a1f9e3d\" data-element_type=\"widget\" data-e-type=\"widget\" data-widget_type=\"text-editor.default\">\n\t\t\t\t\t\t\t\t\t<p class=\"\" style=\"white-space-collapse: preserve;\" data-pm-slice=\"1 1 []\">Biokul er ikke bare biokul. For at g\u00f8re det endelige resultat s\u00e5 stabilt og anvendeligt som muligt s\u00f8rger vi for at bruge det helt rigtige r\u00e5materiale og den helt rigtige produktionsproces for at lave f\u00f8rsteklasses tr\u00e6kul, der kan bruges til en lang r\u00e6kke produkter og form\u00e5l.<\/p>\t\t\t\t\t\t\t\t<\/div>\n\t\t\t\t<\/div>\n\t\t\t\t\t<\/div>\n\t\t\t\t<\/div>\n\t\t<div class=\"elementor-element elementor-element-a10dc48 e-flex e-con-boxed e-con e-parent\" data-id=\"a10dc48\" data-element_type=\"container\" data-e-type=\"container\">\n\t\t\t\t\t<div class=\"e-con-inner\">\n\t\t<div class=\"elementor-element elementor-element-aa0f364 e-con-full e-flex e-con e-child\" data-id=\"aa0f364\" data-element_type=\"container\" data-e-type=\"container\">\n\t\t\t\t<div class=\"elementor-element elementor-element-66e5b73 elementor-invisible elementor-widget elementor-widget-heading\" data-id=\"66e5b73\" data-element_type=\"widget\" data-e-type=\"widget\" data-settings=\"{&quot;_animation&quot;:&quot;fadeIn&quot;}\" data-widget_type=\"heading.default\">\n\t\t\t\t\t<h2 class=\"elementor-heading-title elementor-size-default\">Nyheder<\/h2>\t\t\t\t<\/div>\n\t\t\t\t<\/div>\n\t\t\t\t<div class=\"elementor-element elementor-element-c93893d elementor-grid-4 elementor-grid-tablet-2 elementor-grid-mobile-1 elementor-posts--thumbnail-top elementor-posts__hover-gradient elementor-invisible elementor-widget elementor-widget-posts\" data-id=\"c93893d\" data-element_type=\"widget\" data-e-type=\"widget\" data-settings=\"{&quot;cards_columns&quot;:&quot;4&quot;,&quot;_animation&quot;:&quot;fadeIn&quot;,&quot;cards_columns_tablet&quot;:&quot;2&quot;,&quot;cards_columns_mobile&quot;:&quot;1&quot;,&quot;cards_row_gap&quot;:{&quot;unit&quot;:&quot;px&quot;,&quot;size&quot;:35,&quot;sizes&quot;:[]},&quot;cards_row_gap_tablet&quot;:{&quot;unit&quot;:&quot;px&quot;,&quot;size&quot;:&quot;&quot;,&quot;sizes&quot;:[]},&quot;cards_row_gap_mobile&quot;:{&quot;unit&quot;:&quot;px&quot;,&quot;size&quot;:&quot;&quot;,&quot;sizes&quot;:[]}}\" data-widget_type=\"posts.cards\">\n\t\t\t\t<div class=\"elementor-widget-container\">\n\t\t\t\t\t\t\t<div class=\"elementor-posts-container elementor-posts elementor-posts--skin-cards elementor-grid\" role=\"list\">\n\t\t\t\t<article class=\"elementor-post elementor-grid-item post-175 post type-post status-publish format-standard has-post-thumbnail hentry category-nyheder\" role=\"listitem\">\n\t\t\t<div class=\"elementor-post__card\">\n\t\t\t\t<a class=\"elementor-post__thumbnail__link\" href=\"https:\/\/viochar.com\/dk\/nyheder\/partnership-with-puhi\/\" tabindex=\"-1\"><div class=\"elementor-post__thumbnail\"><img decoding=\"async\" width=\"300\" height=\"107\" src=\"https:\/\/viochar.com\/dk\/wp-content\/uploads\/sites\/3\/2025\/12\/PUHILogo-300x107.webp\" class=\"attachment-medium size-medium wp-image-380\" alt=\"\" srcset=\"https:\/\/viochar.com\/dk\/wp-content\/uploads\/sites\/3\/2025\/12\/PUHILogo-300x107.webp 300w, https:\/\/viochar.com\/dk\/wp-content\/uploads\/sites\/3\/2025\/12\/PUHILogo-1024x365.webp 1024w, https:\/\/viochar.com\/dk\/wp-content\/uploads\/sites\/3\/2025\/12\/PUHILogo-768x274.webp 768w, https:\/\/viochar.com\/dk\/wp-content\/uploads\/sites\/3\/2025\/12\/PUHILogo.webp 1116w\" sizes=\"(max-width: 300px) 100vw, 300px\" \/><\/div><\/a>\n\t\t\t\t<div class=\"elementor-post__badge\">Nyheder<\/div>\n\t\t\t\t<div class=\"elementor-post__text\">\n\t\t\t\t<h3 class=\"elementor-post__title\">\n\t\t\t<a href=\"https:\/\/viochar.com\/dk\/nyheder\/partnership-with-puhi\/\">\n\t\t\t\tPartnerskab med PUHI\t\t\t<\/a>\n\t\t<\/h3>\n\t\t\t\t<\/div>\n\t\t\t\t<div class=\"elementor-post__meta-data\">\n\t\t\t\t\t<span class=\"elementor-post-date\">\n\t\t\t02\/12\/2025\t\t<\/span>\n\t\t\t\t<\/div>\n\t\t\t\t\t<\/div>\n\t\t<\/article>\n\t\t\t\t<article class=\"elementor-post elementor-grid-item post-172 post type-post status-publish format-standard hentry category-nyheder\" role=\"listitem\">\n\t\t\t<div class=\"elementor-post__card\">\n\t\t\t\t<div class=\"elementor-post__text\">\n\t\t\t\t<h3 class=\"elementor-post__title\">\n\t\t\t<a href=\"https:\/\/viochar.com\/dk\/nyheder\/viochar-partners-up-with-manufacturer-in-vietnam\/\">\n\t\t\t\tViochar indg\u00e5r samarbejde med producent i Vietnam\t\t\t<\/a>\n\t\t<\/h3>\n\t\t\t\t<\/div>\n\t\t\t\t<div class=\"elementor-post__meta-data\">\n\t\t\t\t\t<span class=\"elementor-post-date\">\n\t\t\t02\/12\/2025\t\t<\/span>\n\t\t\t\t<\/div>\n\t\t\t\t\t<\/div>\n\t\t<\/article>\n\t\t\t\t<\/div>\n\t\t\n\t\t\t\t\t\t<\/div>\n\t\t\t\t<\/div>\n\t\t\t\t\t<\/div>\n\t\t\t\t<\/div>\n\t\t<div class=\"elementor-element elementor-element-1f82b82f e-flex e-con-boxed e-con e-parent\" data-id=\"1f82b82f\" data-element_type=\"container\" data-e-type=\"container\" data-settings=\"{&quot;background_background&quot;:&quot;classic&quot;}\">\n\t\t\t\t\t<div class=\"e-con-inner\">\n\t\t<div class=\"elementor-element elementor-element-0acc628 e-con-full e-flex elementor-invisible e-con e-child\" data-id=\"0acc628\" data-element_type=\"container\" data-e-type=\"container\" data-settings=\"{&quot;animation&quot;:&quot;fadeIn&quot;}\">\n\t\t\t\t<div class=\"elementor-element elementor-element-32c16497 elementor-widget elementor-widget-heading\" data-id=\"32c16497\" data-element_type=\"widget\" data-e-type=\"widget\" data-widget_type=\"heading.default\">\n\t\t\t\t\t<h2 class=\"elementor-heading-title elementor-size-default\">Kontakt os<\/h2>\t\t\t\t<\/div>\n\t\t\t\t<div class=\"elementor-element elementor-element-6cb92b0a elementor-button-align-start elementor-widget elementor-widget-form\" data-id=\"6cb92b0a\" data-element_type=\"widget\" data-e-type=\"widget\" data-settings=\"{&quot;button_width&quot;:&quot;40&quot;,&quot;step_next_label&quot;:&quot;Next&quot;,&quot;step_previous_label&quot;:&quot;Previous&quot;,&quot;step_type&quot;:&quot;number_text&quot;,&quot;step_icon_shape&quot;:&quot;circle&quot;}\" data-widget_type=\"form.default\">\n\t\t\t\t\t\t\t<form class=\"elementor-form\" method=\"post\" name=\"New Form\" aria-label=\"New Form\">\n\t\t\t<input type=\"hidden\" name=\"post_id\" value=\"12\"\/>\n\t\t\t<input type=\"hidden\" name=\"form_id\" value=\"6cb92b0a\"\/>\n\t\t\t<input type=\"hidden\" name=\"referer_title\" value=\"Forside | Viochar\" \/>\n\n\t\t\t\t\t\t\t<input type=\"hidden\" name=\"queried_id\" value=\"12\"\/>\n\t\t\t\n\t\t\t<div class=\"elementor-form-fields-wrapper elementor-labels-above\">\n\t\t\t\t\t\t\t\t<div class=\"elementor-field-type-text elementor-field-group elementor-column elementor-field-group-name elementor-col-100\">\n\t\t\t\t\t\t\t\t\t\t\t\t<label for=\"form-field-name\" class=\"elementor-field-label\">\n\t\t\t\t\t\t\t\tNavn\t\t\t\t\t\t\t<\/label>\n\t\t\t\t\t\t\t\t\t\t\t\t\t\t<input size=\"1\" type=\"text\" name=\"form_fields[name]\" id=\"form-field-name\" class=\"elementor-field elementor-size-sm  elementor-field-textual\">\n\t\t\t\t\t\t\t\t\t\t\t<\/div>\n\t\t\t\t\t\t\t\t<div class=\"elementor-field-type-email elementor-field-group elementor-column elementor-field-group-email elementor-col-100 elementor-field-required\">\n\t\t\t\t\t\t\t\t\t\t\t\t<label for=\"form-field-email\" class=\"elementor-field-label\">\n\t\t\t\t\t\t\t\tEmail\t\t\t\t\t\t\t<\/label>\n\t\t\t\t\t\t\t\t\t\t\t\t\t\t<input size=\"1\" type=\"email\" name=\"form_fields[email]\" id=\"form-field-email\" class=\"elementor-field elementor-size-sm  elementor-field-textual\" required=\"required\">\n\t\t\t\t\t\t\t\t\t\t\t<\/div>\n\t\t\t\t\t\t\t\t<div class=\"elementor-field-type-textarea elementor-field-group elementor-column elementor-field-group-message elementor-col-100\">\n\t\t\t\t\t\t\t\t\t\t\t\t<label for=\"form-field-message\" class=\"elementor-field-label\">\n\t\t\t\t\t\t\t\tBesked\t\t\t\t\t\t\t<\/label>\n\t\t\t\t\t\t<textarea class=\"elementor-field-textual elementor-field  elementor-size-sm\" name=\"form_fields[message]\" id=\"form-field-message\" rows=\"4\"><\/textarea>\t\t\t\t<\/div>\n\t\t\t\t\t\t\t\t<div class=\"elementor-field-group elementor-column elementor-field-type-submit elementor-col-40 e-form__buttons\">\n\t\t\t\t\t<button class=\"elementor-button elementor-size-md\" type=\"submit\">\n\t\t\t\t\t\t<span class=\"elementor-button-content-wrapper\">\n\t\t\t\t\t\t\t\t\t\t\t\t\t\t\t\t\t\t\t\t\t\t<span class=\"elementor-button-text\">Send<\/span>\n\t\t\t\t\t\t\t\t\t\t\t\t\t<\/span>\n\t\t\t\t\t<\/button>\n\t\t\t\t<\/div>\n\t\t\t<\/div>\n\t\t<\/form>\n\t\t\t\t\t\t<\/div>\n\t\t\t\t<\/div>\n\t\t\t\t\t<\/div>\n\t\t\t\t<\/div>\n\t\t\t\t<\/div>\n\t\t","protected":false},"excerpt":{"rendered":"<p>VIOCHAR Skalerbar carbon capture, simpelt Carbon capture er en af de vigtigste l\u00f8sninger p\u00e5 klimakrisen Pyrolysebaseret carbon capture er en af de mest effektive tilgange til bek\u00e6mpelse af klimaforandringer. Ved at omdanne organisk affald til en stabil form for kulstof, f\u00e5r vi et produkt der kan bruges til en lang<\/p>\n","protected":false},"author":1,"featured_media":65,"parent":0,"menu_order":0,"comment_status":"closed","ping_status":"closed","template":"","meta":{"content-type":"","footnotes":""},"class_list":["post-12","page","type-page","status-publish","has-post-thumbnail","hentry"],"_links":{"self":[{"href":"https:\/\/viochar.com\/dk\/wp-json\/wp\/v2\/pages\/12","targetHints":{"allow":["GET"]}}],"collection":[{"href":"https:\/\/viochar.com\/dk\/wp-json\/wp\/v2\/pages"}],"about":[{"href":"https:\/\/viochar.com\/dk\/wp-json\/wp\/v2\/types\/page"}],"author":[{"embeddable":true,"href":"https:\/\/viochar.com\/dk\/wp-json\/wp\/v2\/users\/1"}],"replies":[{"embeddable":true,"href":"https:\/\/viochar.com\/dk\/wp-json\/wp\/v2\/comments?post=12"}],"version-history":[{"count":99,"href":"https:\/\/viochar.com\/dk\/wp-json\/wp\/v2\/pages\/12\/revisions"}],"predecessor-version":[{"id":716,"href":"https:\/\/viochar.com\/dk\/wp-json\/wp\/v2\/pages\/12\/revisions\/716"}],"wp:featuredmedia":[{"embeddable":true,"href":"https:\/\/viochar.com\/dk\/wp-json\/wp\/v2\/media\/65"}],"wp:attachment":[{"href":"https:\/\/viochar.com\/dk\/wp-json\/wp\/v2\/media?parent=12"}],"curies":[{"name":"wp","href":"https:\/\/api.w.org\/{rel}","templated":true}]}}