{"id":70,"date":"2025-12-01T16:54:35","date_gmt":"2025-12-01T16:54:35","guid":{"rendered":"https:\/\/viochar.com\/dk\/?page_id=70"},"modified":"2025-12-08T16:34:59","modified_gmt":"2025-12-08T14:34:59","slug":"artikler","status":"publish","type":"page","link":"https:\/\/viochar.com\/dk\/artikler\/","title":{"rendered":"Artikler"},"content":{"rendered":"\t\t<div data-elementor-type=\"wp-page\" data-elementor-id=\"70\" class=\"elementor elementor-70\" data-elementor-post-type=\"page\">\n\t\t\t\t<div class=\"elementor-element elementor-element-2cdddf9c e-flex e-con-boxed e-con e-parent\" data-id=\"2cdddf9c\" data-element_type=\"container\" data-e-type=\"container\" data-settings=\"{&quot;background_background&quot;:&quot;classic&quot;}\">\n\t\t\t\t\t<div class=\"e-con-inner\">\n\t\t<div class=\"elementor-element elementor-element-5626978e e-flex e-con-boxed e-con e-child\" data-id=\"5626978e\" data-element_type=\"container\" data-e-type=\"container\">\n\t\t\t\t\t<div class=\"e-con-inner\">\n\t\t\t\t<div class=\"elementor-element elementor-element-126d7d73 elementor-widget elementor-widget-heading\" data-id=\"126d7d73\" data-element_type=\"widget\" data-e-type=\"widget\" data-widget_type=\"heading.default\">\n\t\t\t\t\t<h1 class=\"elementor-heading-title elementor-size-default\">Artikler<\/h1>\t\t\t\t<\/div>\n\t\t\t\t<div class=\"elementor-element elementor-element-1e2b3b86 elementor-widget elementor-widget-heading\" data-id=\"1e2b3b86\" data-element_type=\"widget\" data-e-type=\"widget\" data-widget_type=\"heading.default\">\n\t\t\t\t\t<p class=\"elementor-heading-title elementor-size-default\">Vi kan godt lide at skrive om de ting, vi finder interessante. Det handler (overraskende nok) mest om biokul og biokul-relaterede emner. Tag et kig p\u00e5 vores artikler, og kontakt os, hvis du har sp\u00f8rgsm\u00e5l, kommentarer eller tilf\u00f8jelser.<\/p>\t\t\t\t<\/div>\n\t\t\t\t\t<\/div>\n\t\t\t\t<\/div>\n\t\t\t\t\t<\/div>\n\t\t\t\t<\/div>\n\t\t<div class=\"elementor-element elementor-element-fcf267c e-flex e-con-boxed e-con e-parent\" data-id=\"fcf267c\" data-element_type=\"container\" data-e-type=\"container\">\n\t\t\t\t\t<div class=\"e-con-inner\">\n\t\t\t\t<div class=\"elementor-element elementor-element-45973e0 elementor-grid-3 elementor-grid-tablet-2 elementor-grid-mobile-1 elementor-widget elementor-widget-loop-grid\" data-id=\"45973e0\" data-element_type=\"widget\" data-e-type=\"widget\" data-settings=\"{&quot;template_id&quot;:288,&quot;row_gap&quot;:{&quot;unit&quot;:&quot;em&quot;,&quot;size&quot;:2.6,&quot;sizes&quot;:[]},&quot;row_gap_tablet&quot;:{&quot;unit&quot;:&quot;em&quot;,&quot;size&quot;:&quot;&quot;,&quot;sizes&quot;:[]},&quot;row_gap_mobile&quot;:{&quot;unit&quot;:&quot;em&quot;,&quot;size&quot;:&quot;&quot;,&quot;sizes&quot;:[]},&quot;_skin&quot;:&quot;post&quot;,&quot;columns&quot;:&quot;3&quot;,&quot;columns_tablet&quot;:&quot;2&quot;,&quot;columns_mobile&quot;:&quot;1&quot;,&quot;edit_handle_selector&quot;:&quot;[data-elementor-type=\\&quot;loop-item\\&quot;]&quot;}\" data-widget_type=\"loop-grid.post\">\n\t\t\t\t<div class=\"elementor-widget-container\">\n\t\t\t\t\t\t\t<div class=\"elementor-loop-container elementor-grid\" role=\"list\">\n\t\t<style id=\"loop-288\">.elementor-288 .elementor-element.elementor-element-7f44f01{--display:flex;--justify-content:center;border-style:solid;--border-style:solid;border-width:0px 0px 0px 0px;--border-top-width:0px;--border-right-width:0px;--border-bottom-width:0px;--border-left-width:0px;}.elementor-288 .elementor-element.elementor-element-a6c3337 .elementor-heading-title{font-family:\"Maven Pro\", Sans-serif;font-size:25px;font-weight:500;letter-spacing:0.4px;}.elementor-288 .elementor-element.elementor-element-a6c3337{padding:0px 0px 22px 0px;border-style:solid;border-width:0px 0px 1px 0px;}.elementor-288 .elementor-element.elementor-element-a02e4eb .elementor-icon-list-icon{width:14px;}.elementor-288 .elementor-element.elementor-element-a02e4eb .elementor-icon-list-icon i{font-size:14px;}.elementor-288 .elementor-element.elementor-element-a02e4eb .elementor-icon-list-icon svg{--e-icon-list-icon-size:14px;}.elementor-288 .elementor-element.elementor-element-a02e4eb .elementor-icon-list-text, .elementor-288 .elementor-element.elementor-element-a02e4eb .elementor-icon-list-text a{color:var( --e-global-color-primary );}<\/style>\t\t<div data-elementor-type=\"loop-item\" data-elementor-id=\"288\" class=\"elementor elementor-288 e-loop-item e-loop-item-179 post-179 post type-post status-publish format-standard has-post-thumbnail hentry category-artikler\" data-elementor-post-type=\"elementor_library\" data-custom-edit-handle=\"1\">\n\t\t\t<div class=\"elementor-element elementor-element-7f44f01 e-flex e-con-boxed e-con e-parent\" data-id=\"7f44f01\" data-element_type=\"container\" data-e-type=\"container\">\n\t\t\t\t\t<div class=\"e-con-inner\">\n\t\t\t\t<div class=\"elementor-element elementor-element-5db31a2 elementor-widget elementor-widget-theme-post-featured-image elementor-widget-image\" data-id=\"5db31a2\" data-element_type=\"widget\" data-e-type=\"widget\" data-widget_type=\"theme-post-featured-image.default\">\n\t\t\t\t\t\t\t\t\t\t\t\t\t\t\t\t<a href=\"https:\/\/viochar.com\/dk\/artikler\/the-history-and-science-of-biochar\/\">\n\t\t\t\t\t\t\t<img fetchpriority=\"high\" decoding=\"async\" width=\"768\" height=\"1024\" src=\"https:\/\/viochar.com\/dk\/wp-content\/uploads\/sites\/3\/2025\/12\/IMG_3871-768x1024.webp\" class=\"attachment-large size-large wp-image-210\" alt=\"\" srcset=\"https:\/\/viochar.com\/dk\/wp-content\/uploads\/sites\/3\/2025\/12\/IMG_3871-768x1024.webp 768w, https:\/\/viochar.com\/dk\/wp-content\/uploads\/sites\/3\/2025\/12\/IMG_3871-225x300.webp 225w, https:\/\/viochar.com\/dk\/wp-content\/uploads\/sites\/3\/2025\/12\/IMG_3871-1152x1536.webp 1152w, https:\/\/viochar.com\/dk\/wp-content\/uploads\/sites\/3\/2025\/12\/IMG_3871-1536x2048.webp 1536w, https:\/\/viochar.com\/dk\/wp-content\/uploads\/sites\/3\/2025\/12\/IMG_3871-scaled.webp 1920w\" sizes=\"(max-width: 768px) 100vw, 768px\" \/>\t\t\t\t\t\t\t\t<\/a>\n\t\t\t\t\t\t\t\t\t\t\t\t\t\t\t<\/div>\n\t\t\t\t<div class=\"elementor-element elementor-element-a6c3337 elementor-widget elementor-widget-theme-post-title elementor-page-title elementor-widget-heading\" data-id=\"a6c3337\" data-element_type=\"widget\" data-e-type=\"widget\" data-widget_type=\"theme-post-title.default\">\n\t\t\t\t\t<h1 class=\"elementor-heading-title elementor-size-default\"><a href=\"https:\/\/viochar.com\/dk\/artikler\/the-history-and-science-of-biochar\/\">Biokullets historie og egenskaber<\/a><\/h1>\t\t\t\t<\/div>\n\t\t\t\t<div class=\"elementor-element elementor-element-a02e4eb elementor-widget elementor-widget-post-info\" data-id=\"a02e4eb\" data-element_type=\"widget\" data-e-type=\"widget\" data-widget_type=\"post-info.default\">\n\t\t\t\t\t\t\t<ul class=\"elementor-inline-items elementor-icon-list-items elementor-post-info\">\n\t\t\t\t\t\t\t\t<li class=\"elementor-icon-list-item elementor-repeater-item-d35eb59 elementor-inline-item\" itemprop=\"datePublished\">\n\t\t\t\t\t\t<a href=\"https:\/\/viochar.com\/dk\/2025\/12\/02\/\">\n\t\t\t\t\t\t\t\t\t\t\t\t\t\t<span class=\"elementor-icon-list-text elementor-post-info__item elementor-post-info__item--type-date\">\n\t\t\t\t\t\t\t\t\t\t<time>december 2, 2025<\/time>\t\t\t\t\t<\/span>\n\t\t\t\t\t\t\t\t\t<\/a>\n\t\t\t\t<\/li>\n\t\t\t\t<\/ul>\n\t\t\t\t\t\t<\/div>\n\t\t\t\t\t<\/div>\n\t\t\t\t<\/div>\n\t\t\t\t<\/div>\n\t\t\t\t<div data-elementor-type=\"loop-item\" data-elementor-id=\"288\" class=\"elementor elementor-288 e-loop-item e-loop-item-177 post-177 post type-post status-publish format-standard has-post-thumbnail hentry category-artikler\" data-elementor-post-type=\"elementor_library\" data-custom-edit-handle=\"1\">\n\t\t\t<div class=\"elementor-element elementor-element-7f44f01 e-flex e-con-boxed e-con e-parent\" data-id=\"7f44f01\" data-element_type=\"container\" data-e-type=\"container\">\n\t\t\t\t\t<div class=\"e-con-inner\">\n\t\t\t\t<div class=\"elementor-element elementor-element-5db31a2 elementor-widget elementor-widget-theme-post-featured-image elementor-widget-image\" data-id=\"5db31a2\" data-element_type=\"widget\" data-e-type=\"widget\" data-widget_type=\"theme-post-featured-image.default\">\n\t\t\t\t\t\t\t\t\t\t\t\t\t\t\t\t<a href=\"https:\/\/viochar.com\/dk\/artikler\/carbon-capture-a-portfolio-of-solutions\/\">\n\t\t\t\t\t\t\t<img decoding=\"async\" width=\"800\" height=\"534\" src=\"https:\/\/viochar.com\/dk\/wp-content\/uploads\/sites\/3\/2025\/12\/patrick-hendry-6xeDIZgoPaw-unsplash-1-1024x683.jpg\" class=\"attachment-large size-large wp-image-379\" alt=\"\" srcset=\"https:\/\/viochar.com\/dk\/wp-content\/uploads\/sites\/3\/2025\/12\/patrick-hendry-6xeDIZgoPaw-unsplash-1-1024x683.jpg 1024w, https:\/\/viochar.com\/dk\/wp-content\/uploads\/sites\/3\/2025\/12\/patrick-hendry-6xeDIZgoPaw-unsplash-1-300x200.jpg 300w, https:\/\/viochar.com\/dk\/wp-content\/uploads\/sites\/3\/2025\/12\/patrick-hendry-6xeDIZgoPaw-unsplash-1-768x512.jpg 768w, https:\/\/viochar.com\/dk\/wp-content\/uploads\/sites\/3\/2025\/12\/patrick-hendry-6xeDIZgoPaw-unsplash-1-1536x1024.jpg 1536w, https:\/\/viochar.com\/dk\/wp-content\/uploads\/sites\/3\/2025\/12\/patrick-hendry-6xeDIZgoPaw-unsplash-1.jpg 1920w\" sizes=\"(max-width: 800px) 100vw, 800px\" \/>\t\t\t\t\t\t\t\t<\/a>\n\t\t\t\t\t\t\t\t\t\t\t\t\t\t\t<\/div>\n\t\t\t\t<div class=\"elementor-element elementor-element-a6c3337 elementor-widget elementor-widget-theme-post-title elementor-page-title elementor-widget-heading\" data-id=\"a6c3337\" data-element_type=\"widget\" data-e-type=\"widget\" data-widget_type=\"theme-post-title.default\">\n\t\t\t\t\t<h1 class=\"elementor-heading-title elementor-size-default\"><a href=\"https:\/\/viochar.com\/dk\/artikler\/carbon-capture-a-portfolio-of-solutions\/\">Carbon capture: En portef\u00f8lje af l\u00f8sninger<\/a><\/h1>\t\t\t\t<\/div>\n\t\t\t\t<div class=\"elementor-element elementor-element-a02e4eb elementor-widget elementor-widget-post-info\" data-id=\"a02e4eb\" data-element_type=\"widget\" data-e-type=\"widget\" data-widget_type=\"post-info.default\">\n\t\t\t\t\t\t\t<ul class=\"elementor-inline-items elementor-icon-list-items elementor-post-info\">\n\t\t\t\t\t\t\t\t<li class=\"elementor-icon-list-item elementor-repeater-item-d35eb59 elementor-inline-item\" itemprop=\"datePublished\">\n\t\t\t\t\t\t<a href=\"https:\/\/viochar.com\/dk\/2025\/12\/02\/\">\n\t\t\t\t\t\t\t\t\t\t\t\t\t\t<span class=\"elementor-icon-list-text elementor-post-info__item elementor-post-info__item--type-date\">\n\t\t\t\t\t\t\t\t\t\t<time>december 2, 2025<\/time>\t\t\t\t\t<\/span>\n\t\t\t\t\t\t\t\t\t<\/a>\n\t\t\t\t<\/li>\n\t\t\t\t<\/ul>\n\t\t\t\t\t\t<\/div>\n\t\t\t\t\t<\/div>\n\t\t\t\t<\/div>\n\t\t\t\t<\/div>\n\t\t\t\t<\/div>\n\t\t\n\t\t\t\t\t\t<\/div>\n\t\t\t\t<\/div>\n\t\t\t\t\t<\/div>\n\t\t\t\t<\/div>\n\t\t\t\t<\/div>\n\t\t","protected":false},"excerpt":{"rendered":"<p>Artikler Vi kan godt lide at skrive om de ting, vi finder interessante. Det handler (overraskende nok) mest om biokul og biokul-relaterede emner. Tag et kig p\u00e5 vores artikler, og kontakt os, hvis du har sp\u00f8rgsm\u00e5l, kommentarer eller tilf\u00f8jelser.<\/p>\n","protected":false},"author":1,"featured_media":0,"parent":0,"menu_order":0,"comment_status":"closed","ping_status":"closed","template":"","meta":{"content-type":"","footnotes":""},"class_list":["post-70","page","type-page","status-publish","hentry"],"_links":{"self":[{"href":"https:\/\/viochar.com\/dk\/wp-json\/wp\/v2\/pages\/70","targetHints":{"allow":["GET"]}}],"collection":[{"href":"https:\/\/viochar.com\/dk\/wp-json\/wp\/v2\/pages"}],"about":[{"href":"https:\/\/viochar.com\/dk\/wp-json\/wp\/v2\/types\/page"}],"author":[{"embeddable":true,"href":"https:\/\/viochar.com\/dk\/wp-json\/wp\/v2\/users\/1"}],"replies":[{"embeddable":true,"href":"https:\/\/viochar.com\/dk\/wp-json\/wp\/v2\/comments?post=70"}],"version-history":[{"count":27,"href":"https:\/\/viochar.com\/dk\/wp-json\/wp\/v2\/pages\/70\/revisions"}],"predecessor-version":[{"id":681,"href":"https:\/\/viochar.com\/dk\/wp-json\/wp\/v2\/pages\/70\/revisions\/681"}],"wp:attachment":[{"href":"https:\/\/viochar.com\/dk\/wp-json\/wp\/v2\/media?parent=70"}],"curies":[{"name":"wp","href":"https:\/\/api.w.org\/{rel}","templated":true}]}}