{"id":77,"date":"2025-12-01T16:54:35","date_gmt":"2025-12-01T16:54:35","guid":{"rendered":"https:\/\/viochar.com\/dk\/?page_id=77"},"modified":"2026-01-17T19:46:28","modified_gmt":"2026-01-17T17:46:28","slug":"faq","status":"publish","type":"page","link":"https:\/\/viochar.com\/dk\/faq\/","title":{"rendered":"FAQ"},"content":{"rendered":"\t\t<div data-elementor-type=\"wp-page\" data-elementor-id=\"77\" class=\"elementor elementor-77\" data-elementor-post-type=\"page\">\n\t\t\t\t<div class=\"elementor-element elementor-element-3f5b445b e-flex e-con-boxed e-con e-parent\" data-id=\"3f5b445b\" data-element_type=\"container\" data-e-type=\"container\" data-settings=\"{&quot;background_background&quot;:&quot;classic&quot;}\">\n\t\t\t\t\t<div class=\"e-con-inner\">\n\t\t<div class=\"elementor-element elementor-element-4a4aa11 e-flex e-con-boxed e-con e-child\" data-id=\"4a4aa11\" data-element_type=\"container\" data-e-type=\"container\">\n\t\t\t\t\t<div class=\"e-con-inner\">\n\t\t\t\t<div class=\"elementor-element elementor-element-3ec4d91b elementor-widget elementor-widget-heading\" data-id=\"3ec4d91b\" data-element_type=\"widget\" data-e-type=\"widget\" data-widget_type=\"heading.default\">\n\t\t\t\t\t<h1 class=\"elementor-heading-title elementor-size-default\">FAQ <\/h1>\t\t\t\t<\/div>\n\t\t\t\t<div class=\"elementor-element elementor-element-378316d9 elementor-widget elementor-widget-heading\" data-id=\"378316d9\" data-element_type=\"widget\" data-e-type=\"widget\" data-widget_type=\"heading.default\">\n\t\t\t\t\t<p class=\"elementor-heading-title elementor-size-default\">F\u00e5 svar p\u00e5 alle dine sp\u00f8rgsm\u00e5l<\/p>\t\t\t\t<\/div>\n\t\t\t\t\t<\/div>\n\t\t\t\t<\/div>\n\t\t\t\t\t<\/div>\n\t\t\t\t<\/div>\n\t\t<div class=\"elementor-element elementor-element-56f0bb8 e-flex e-con-boxed e-con e-parent\" data-id=\"56f0bb8\" data-element_type=\"container\" data-e-type=\"container\" data-settings=\"{&quot;background_background&quot;:&quot;classic&quot;}\">\n\t\t\t\t\t<div class=\"e-con-inner\">\n\t\t\t\t<div class=\"elementor-element elementor-element-564efc3 elementor-widget elementor-widget-heading\" data-id=\"564efc3\" data-element_type=\"widget\" data-e-type=\"widget\" data-widget_type=\"heading.default\">\n\t\t\t\t\t<h2 class=\"elementor-heading-title elementor-size-default\">Biokul<\/h2>\t\t\t\t<\/div>\n\t\t\t\t<div class=\"elementor-element elementor-element-dd9e81b elementor-widget elementor-widget-n-accordion\" data-id=\"dd9e81b\" data-element_type=\"widget\" data-e-type=\"widget\" data-settings=\"{&quot;default_state&quot;:&quot;expanded&quot;,&quot;max_items_expended&quot;:&quot;one&quot;,&quot;n_accordion_animation_duration&quot;:{&quot;unit&quot;:&quot;ms&quot;,&quot;size&quot;:400,&quot;sizes&quot;:[]}}\" data-widget_type=\"nested-accordion.default\">\n\t\t\t\t\t\t\t<div class=\"e-n-accordion\" aria-label=\"Accordion. Open links with Enter or Space, close with Escape, and navigate with Arrow Keys\">\n\t\t\t\t\t\t<details id=\"e-n-accordion-item-2320\" class=\"e-n-accordion-item\" open>\n\t\t\t\t<summary class=\"e-n-accordion-item-title\" data-accordion-index=\"1\" tabindex=\"0\" aria-expanded=\"true\" aria-controls=\"e-n-accordion-item-2320\" >\n\t\t\t\t\t<span class='e-n-accordion-item-title-header'><span class=\"e-n-accordion-item-title-text\"> Hvad er biokul, og hvordan hj\u00e6lper det med at bek\u00e6mpe klimaforandringer? <\/span><\/span>\n\t\t\t\t\t\t\t\t\t<\/summary>\n\t\t\t\t<div role=\"region\" aria-labelledby=\"e-n-accordion-item-2320\" class=\"elementor-element elementor-element-1829734 e-con-full e-flex e-con e-child\" data-id=\"1829734\" data-element_type=\"container\" data-e-type=\"container\">\n\t\t<div role=\"region\" aria-labelledby=\"e-n-accordion-item-2320\" class=\"elementor-element elementor-element-570b2bf e-flex e-con-boxed e-con e-child\" data-id=\"570b2bf\" data-element_type=\"container\" data-e-type=\"container\">\n\t\t\t\t\t<div class=\"e-con-inner\">\n\t\t\t\t<div class=\"elementor-element elementor-element-5e1ae24 elementor-widget elementor-widget-text-editor\" data-id=\"5e1ae24\" data-element_type=\"widget\" data-e-type=\"widget\" data-widget_type=\"text-editor.default\">\n\t\t\t\t\t\t\t\t\t<p>Biokul er et stabilt, kulstofrigt materiale, der produceres ved pyrolyse (opvarmning af organisk affald i frav\u00e6r af ilt). Selve biokullet kan bl.a. bruges til at forbedre jordens sundhed og landbrugets produktivitet, g\u00f8re cement og asfalt lettere og mere holdbart eller filtrere milj\u00f8forurenende stoffer fra vand. Samtidig binder det kulstof i \u00e5rhundreder, hvilket g\u00f8r det til et effektivt redskab i kampen mod klimaforandringer.<\/p>\t\t\t\t\t\t\t\t<\/div>\n\t\t\t\t\t<\/div>\n\t\t\t\t<\/div>\n\t\t\t\t<\/div>\n\t\t\t\t\t<\/details>\n\t\t\t\t\t\t<details id=\"e-n-accordion-item-2321\" class=\"e-n-accordion-item\" >\n\t\t\t\t<summary class=\"e-n-accordion-item-title\" data-accordion-index=\"2\" tabindex=\"-1\" aria-expanded=\"false\" aria-controls=\"e-n-accordion-item-2321\" >\n\t\t\t\t\t<span class='e-n-accordion-item-title-header'><span class=\"e-n-accordion-item-title-text\"> Hvilke typer biomasse kan bruges til at lave biokul? <\/span><\/span>\n\t\t\t\t\t\t\t\t\t<\/summary>\n\t\t\t\t<div role=\"region\" aria-labelledby=\"e-n-accordion-item-2321\" class=\"elementor-element elementor-element-9898caa e-con-full e-flex e-con e-child\" data-id=\"9898caa\" data-element_type=\"container\" data-e-type=\"container\">\n\t\t<div role=\"region\" aria-labelledby=\"e-n-accordion-item-2321\" class=\"elementor-element elementor-element-a718c24 e-flex e-con-boxed e-con e-child\" data-id=\"a718c24\" data-element_type=\"container\" data-e-type=\"container\">\n\t\t\t\t\t<div class=\"e-con-inner\">\n\t\t\t\t<div class=\"elementor-element elementor-element-ed3c19e elementor-widget elementor-widget-text-editor\" data-id=\"ed3c19e\" data-element_type=\"widget\" data-e-type=\"widget\" data-widget_type=\"text-editor.default\">\n\t\t\t\t\t\t\t\t\t<p class=\"preFade fadeIn\">De fleste typer af biomasse med lav fugtighed (10-30%) og en partikelst\u00f8rrelse p\u00e5 10 mm-60 mm er velegnede, herunder:<\/p><ul data-rte-list=\"default\"><li><p>Tr\u00e6 (overskydende tr\u00e6biomasse)<\/p><\/li><li><p class=\"preFade fadeIn\">Landbrugsaffald (t\u00f8rrede planterester)<\/p><\/li><li><p class=\"preFade fadeIn\">Haveaffald (blandet biomasse fra haver)<\/p><\/li><\/ul>\t\t\t\t\t\t\t\t<\/div>\n\t\t\t\t\t<\/div>\n\t\t\t\t<\/div>\n\t\t\t\t<\/div>\n\t\t\t\t\t<\/details>\n\t\t\t\t\t\t<details id=\"e-n-accordion-item-2322\" class=\"e-n-accordion-item\" >\n\t\t\t\t<summary class=\"e-n-accordion-item-title\" data-accordion-index=\"3\" tabindex=\"-1\" aria-expanded=\"false\" aria-controls=\"e-n-accordion-item-2322\" >\n\t\t\t\t\t<span class='e-n-accordion-item-title-header'><span class=\"e-n-accordion-item-title-text\"> Hvilken teknologi bruger Viochar til at producere biokul? <\/span><\/span>\n\t\t\t\t\t\t\t\t\t<\/summary>\n\t\t\t\t<div role=\"region\" aria-labelledby=\"e-n-accordion-item-2322\" class=\"elementor-element elementor-element-f165bef e-con-full e-flex e-con e-child\" data-id=\"f165bef\" data-element_type=\"container\" data-e-type=\"container\">\n\t\t<div role=\"region\" aria-labelledby=\"e-n-accordion-item-2322\" class=\"elementor-element elementor-element-ee2b5d8 e-flex e-con-boxed e-con e-child\" data-id=\"ee2b5d8\" data-element_type=\"container\" data-e-type=\"container\">\n\t\t\t\t\t<div class=\"e-con-inner\">\n\t\t\t\t<div class=\"elementor-element elementor-element-22008e7 elementor-widget elementor-widget-text-editor\" data-id=\"22008e7\" data-element_type=\"widget\" data-e-type=\"widget\" data-widget_type=\"text-editor.default\">\n\t\t\t\t\t\t\t\t\t<p>Vi har to m\u00e5der at fremstille biokul p\u00e5: batchreaktorer og roterovnsreaktorer med kontinuerlig tilf\u00f8rsel. Batchreaktoren er designet til fleksibilitet, overkommelige priser og brugervenlighed, mens rotationsovnen er mere kompleks og bruges til produktion af biokul i industriel skala.<\/p>\t\t\t\t\t\t\t\t<\/div>\n\t\t\t\t\t<\/div>\n\t\t\t\t<\/div>\n\t\t\t\t<\/div>\n\t\t\t\t\t<\/details>\n\t\t\t\t\t\t<details id=\"e-n-accordion-item-2323\" class=\"e-n-accordion-item\" >\n\t\t\t\t<summary class=\"e-n-accordion-item-title\" data-accordion-index=\"4\" tabindex=\"-1\" aria-expanded=\"false\" aria-controls=\"e-n-accordion-item-2323\" >\n\t\t\t\t\t<span class='e-n-accordion-item-title-header'><span class=\"e-n-accordion-item-title-text\"> Hvad er de vigtigste anvendelsesmuligheder for biokul? <\/span><\/span>\n\t\t\t\t\t\t\t\t\t<\/summary>\n\t\t\t\t<div role=\"region\" aria-labelledby=\"e-n-accordion-item-2323\" class=\"elementor-element elementor-element-3aaa98d e-flex e-con-boxed e-con e-child\" data-id=\"3aaa98d\" data-element_type=\"container\" data-e-type=\"container\">\n\t\t\t\t\t<div class=\"e-con-inner\">\n\t\t<div role=\"region\" aria-labelledby=\"e-n-accordion-item-2323\" class=\"elementor-element elementor-element-741ba3b e-con-full e-flex e-con e-child\" data-id=\"741ba3b\" data-element_type=\"container\" data-e-type=\"container\">\n\t\t\t\t<div class=\"elementor-element elementor-element-008a623 elementor-widget elementor-widget-text-editor\" data-id=\"008a623\" data-element_type=\"widget\" data-e-type=\"widget\" data-widget_type=\"text-editor.default\">\n\t\t\t\t\t\t\t\t\t<p id=\"yui_3_17_2_1_1764772170109_491\" class=\"preFade fadeIn\">De vigtigste anvendelsesomr\u00e5der for biokul omfatter, men er ikke begr\u00e6nset til:<\/p><ul data-rte-list=\"default\"><li><p class=\"preFade fadeIn\">Jordforbedring (forbedrer frugtbarhed, vandtilbageholdelse og mikrobiel aktivitet)<\/p><\/li><\/ul><ul data-rte-list=\"default\"><li><p class=\"preFade fadeIn\">Kulstofbinding (fastholder kulstof i en stabil form)<\/p><\/li><li><p class=\"preFade fadeIn\">Tils\u00e6tningsstof til husdyr og kompost (forbedrer n\u00e6ringsoptagelse, reducerer lugt)<\/p><\/li><li><p class=\"preFade fadeIn\">Vandfiltrering (naturligt filtermedium)<\/p><\/li><\/ul>\t\t\t\t\t\t\t\t<\/div>\n\t\t\t\t<\/div>\n\t\t\t\t\t<\/div>\n\t\t\t\t<\/div>\n\t\t\t\t\t<\/details>\n\t\t\t\t\t<\/div>\n\t\t\t\t\t\t<\/div>\n\t\t\t\t\t<\/div>\n\t\t\t\t<\/div>\n\t\t<div class=\"elementor-element elementor-element-6e38fe7 e-flex e-con-boxed e-con e-parent\" data-id=\"6e38fe7\" data-element_type=\"container\" data-e-type=\"container\" data-settings=\"{&quot;background_background&quot;:&quot;classic&quot;}\">\n\t\t\t\t\t<div class=\"e-con-inner\">\n\t\t\t\t<div class=\"elementor-element elementor-element-0e29270 elementor-widget elementor-widget-heading\" data-id=\"0e29270\" data-element_type=\"widget\" data-e-type=\"widget\" data-widget_type=\"heading.default\">\n\t\t\t\t\t<h2 class=\"elementor-heading-title elementor-size-default\">Pyrolysereaktorer<\/h2>\t\t\t\t<\/div>\n\t\t\t\t<div class=\"elementor-element elementor-element-d3c4136 elementor-widget elementor-widget-n-accordion\" data-id=\"d3c4136\" data-element_type=\"widget\" data-e-type=\"widget\" data-settings=\"{&quot;default_state&quot;:&quot;expanded&quot;,&quot;max_items_expended&quot;:&quot;one&quot;,&quot;n_accordion_animation_duration&quot;:{&quot;unit&quot;:&quot;ms&quot;,&quot;size&quot;:400,&quot;sizes&quot;:[]}}\" data-widget_type=\"nested-accordion.default\">\n\t\t\t\t\t\t\t<div class=\"e-n-accordion\" aria-label=\"Accordion. Open links with Enter or Space, close with Escape, and navigate with Arrow Keys\">\n\t\t\t\t\t\t<details id=\"e-n-accordion-item-2220\" class=\"e-n-accordion-item\" open>\n\t\t\t\t<summary class=\"e-n-accordion-item-title\" data-accordion-index=\"1\" tabindex=\"0\" aria-expanded=\"true\" aria-controls=\"e-n-accordion-item-2220\" >\n\t\t\t\t\t<span class='e-n-accordion-item-title-header'><span class=\"e-n-accordion-item-title-text\"> Hvor meget biomasse kan batch-reaktoren behandle? <\/span><\/span>\n\t\t\t\t\t\t\t\t\t<\/summary>\n\t\t\t\t<div role=\"region\" aria-labelledby=\"e-n-accordion-item-2220\" class=\"elementor-element elementor-element-ff4ba24 e-con-full e-flex e-con e-child\" data-id=\"ff4ba24\" data-element_type=\"container\" data-e-type=\"container\">\n\t\t<div role=\"region\" aria-labelledby=\"e-n-accordion-item-2220\" class=\"elementor-element elementor-element-854cc75 e-flex e-con-boxed e-con e-child\" data-id=\"854cc75\" data-element_type=\"container\" data-e-type=\"container\">\n\t\t\t\t\t<div class=\"e-con-inner\">\n\t\t\t\t<div class=\"elementor-element elementor-element-e763553 elementor-widget elementor-widget-text-editor\" data-id=\"e763553\" data-element_type=\"widget\" data-e-type=\"widget\" data-widget_type=\"text-editor.default\">\n\t\t\t\t\t\t\t\t\t<p>Batchreaktoren kan h\u00e5ndtere 1,4 m\u00b3 biomasse pr. cyklus, hvilket svarer til 448 m\u00b3 pr. \u00e5r, hvis den k\u00f8rer med fuld kapacitet.<\/p>\t\t\t\t\t\t\t\t<\/div>\n\t\t\t\t\t<\/div>\n\t\t\t\t<\/div>\n\t\t\t\t<\/div>\n\t\t\t\t\t<\/details>\n\t\t\t\t\t\t<details id=\"e-n-accordion-item-2221\" class=\"e-n-accordion-item\" >\n\t\t\t\t<summary class=\"e-n-accordion-item-title\" data-accordion-index=\"2\" tabindex=\"-1\" aria-expanded=\"false\" aria-controls=\"e-n-accordion-item-2221\" >\n\t\t\t\t\t<span class='e-n-accordion-item-title-header'><span class=\"e-n-accordion-item-title-text\"> Hvor meget biomasse kan den roterende ovnreaktor med kontinuerlig tilf\u00f8rsel behandle? <\/span><\/span>\n\t\t\t\t\t\t\t\t\t<\/summary>\n\t\t\t\t<div role=\"region\" aria-labelledby=\"e-n-accordion-item-2221\" class=\"elementor-element elementor-element-f91bb53 e-con-full e-flex e-con e-child\" data-id=\"f91bb53\" data-element_type=\"container\" data-e-type=\"container\">\n\t\t<div role=\"region\" aria-labelledby=\"e-n-accordion-item-2221\" class=\"elementor-element elementor-element-a794817 e-flex e-con-boxed e-con e-child\" data-id=\"a794817\" data-element_type=\"container\" data-e-type=\"container\">\n\t\t\t\t\t<div class=\"e-con-inner\">\n\t\t\t\t<div class=\"elementor-element elementor-element-a16539f elementor-widget elementor-widget-text-editor\" data-id=\"a16539f\" data-element_type=\"widget\" data-e-type=\"widget\" data-widget_type=\"text-editor.default\">\n\t\t\t\t\t\t\t\t\t<p class=\"preFade fadeIn\">Rotationsovnsreaktoren kan behandle omkring 6000 tons biomasse om \u00e5ret og skabe omkring 2400 tons biokul, afh\u00e6ngigt af det anvendte r\u00e5materiale.<\/p>\t\t\t\t\t\t\t\t<\/div>\n\t\t\t\t\t<\/div>\n\t\t\t\t<\/div>\n\t\t\t\t<\/div>\n\t\t\t\t\t<\/details>\n\t\t\t\t\t\t<details id=\"e-n-accordion-item-2222\" class=\"e-n-accordion-item\" >\n\t\t\t\t<summary class=\"e-n-accordion-item-title\" data-accordion-index=\"3\" tabindex=\"-1\" aria-expanded=\"false\" aria-controls=\"e-n-accordion-item-2222\" >\n\t\t\t\t\t<span class='e-n-accordion-item-title-header'><span class=\"e-n-accordion-item-title-text\"> Hvor lang tid tager det at lave en portion biokul ved hj\u00e6lp af batch-reaktoren? <\/span><\/span>\n\t\t\t\t\t\t\t\t\t<\/summary>\n\t\t\t\t<div role=\"region\" aria-labelledby=\"e-n-accordion-item-2222\" class=\"elementor-element elementor-element-b2ed276 e-con-full e-flex e-con e-child\" data-id=\"b2ed276\" data-element_type=\"container\" data-e-type=\"container\">\n\t\t<div role=\"region\" aria-labelledby=\"e-n-accordion-item-2222\" class=\"elementor-element elementor-element-014a922 e-flex e-con-boxed e-con e-child\" data-id=\"014a922\" data-element_type=\"container\" data-e-type=\"container\">\n\t\t\t\t\t<div class=\"e-con-inner\">\n\t\t\t\t<div class=\"elementor-element elementor-element-eadc00b elementor-widget elementor-widget-text-editor\" data-id=\"eadc00b\" data-element_type=\"widget\" data-e-type=\"widget\" data-widget_type=\"text-editor.default\">\n\t\t\t\t\t\t\t\t\t<p>Alt i alt tager det cirka 12 timer for en fuld cyklus. Det omfatter: p\u00e5fyldning, start, pyrolyse, afk\u00f8ling og t\u00f8mning.<\/p>\t\t\t\t\t\t\t\t<\/div>\n\t\t\t\t\t<\/div>\n\t\t\t\t<\/div>\n\t\t\t\t<\/div>\n\t\t\t\t\t<\/details>\n\t\t\t\t\t\t<details id=\"e-n-accordion-item-2223\" class=\"e-n-accordion-item\" >\n\t\t\t\t<summary class=\"e-n-accordion-item-title\" data-accordion-index=\"4\" tabindex=\"-1\" aria-expanded=\"false\" aria-controls=\"e-n-accordion-item-2223\" >\n\t\t\t\t\t<span class='e-n-accordion-item-title-header'><span class=\"e-n-accordion-item-title-text\"> Er batch-reaktoren transportabel? <\/span><\/span>\n\t\t\t\t\t\t\t\t\t<\/summary>\n\t\t\t\t<div role=\"region\" aria-labelledby=\"e-n-accordion-item-2223\" class=\"elementor-element elementor-element-3e3557a e-flex e-con-boxed e-con e-child\" data-id=\"3e3557a\" data-element_type=\"container\" data-e-type=\"container\">\n\t\t\t\t\t<div class=\"e-con-inner\">\n\t\t<div role=\"region\" aria-labelledby=\"e-n-accordion-item-2223\" class=\"elementor-element elementor-element-3be853d e-con-full e-flex e-con e-child\" data-id=\"3be853d\" data-element_type=\"container\" data-e-type=\"container\">\n\t\t\t\t<div class=\"elementor-element elementor-element-ed9777d elementor-widget elementor-widget-text-editor\" data-id=\"ed9777d\" data-element_type=\"widget\" data-e-type=\"widget\" data-widget_type=\"text-editor.default\">\n\t\t\t\t\t\t\t\t\t<p id=\"yui_3_17_2_1_1764772170109_491\" class=\"preFade fadeIn\">Ja, batchreaktoren er designet til at v\u00e6re transportabel. Ved hj\u00e6lp af en gaffeltruck eller lignende udstyr kan den nemt flyttes.<\/p>\t\t\t\t\t\t\t\t<\/div>\n\t\t\t\t<\/div>\n\t\t\t\t\t<\/div>\n\t\t\t\t<\/div>\n\t\t\t\t\t<\/details>\n\t\t\t\t\t\t<details id=\"e-n-accordion-item-2224\" class=\"e-n-accordion-item\" >\n\t\t\t\t<summary class=\"e-n-accordion-item-title\" data-accordion-index=\"5\" tabindex=\"-1\" aria-expanded=\"false\" aria-controls=\"e-n-accordion-item-2224\" >\n\t\t\t\t\t<span class='e-n-accordion-item-title-header'><span class=\"e-n-accordion-item-title-text\"> Hvordan kan jeg starte et biokulprojekt eller blive partner med Viochar? <\/span><\/span>\n\t\t\t\t\t\t\t\t\t<\/summary>\n\t\t\t\t<div role=\"region\" aria-labelledby=\"e-n-accordion-item-2224\" class=\"elementor-element elementor-element-fe344e8 e-flex e-con-boxed e-con e-child\" data-id=\"fe344e8\" data-element_type=\"container\" data-e-type=\"container\">\n\t\t\t\t\t<div class=\"e-con-inner\">\n\t\t<div role=\"region\" aria-labelledby=\"e-n-accordion-item-2224\" class=\"elementor-element elementor-element-fa820f7 e-con-full e-flex e-con e-child\" data-id=\"fa820f7\" data-element_type=\"container\" data-e-type=\"container\">\n\t\t\t\t<div class=\"elementor-element elementor-element-404e723 elementor-widget elementor-widget-text-editor\" data-id=\"404e723\" data-element_type=\"widget\" data-e-type=\"widget\" data-widget_type=\"text-editor.default\">\n\t\t\t\t\t\t\t\t\t<p id=\"yui_3_17_2_1_1764772170109_491\" class=\"preFade fadeIn\">Du kan kontakte os via vores kontaktformular, eller du kan finde os p\u00e5\u00a0<a>LinkedIn.<\/a><\/p>\t\t\t\t\t\t\t\t<\/div>\n\t\t\t\t<\/div>\n\t\t\t\t\t<\/div>\n\t\t\t\t<\/div>\n\t\t\t\t\t<\/details>\n\t\t\t\t\t<\/div>\n\t\t\t\t\t\t<\/div>\n\t\t\t\t\t<\/div>\n\t\t\t\t<\/div>\n\t\t\t\t<\/div>\n\t\t","protected":false},"excerpt":{"rendered":"<p>FAQ F\u00e5 svar p\u00e5 alle dine sp\u00f8rgsm\u00e5l Biokul Hvad er biokul, og hvordan hj\u00e6lper det med at bek\u00e6mpe klimaforandringer? Biokul er et stabilt, kulstofrigt materiale, der produceres ved pyrolyse (opvarmning af organisk affald i frav\u00e6r af ilt). Selve biokullet kan bl.a. bruges til at forbedre jordens sundhed og landbrugets produktivitet, g\u00f8re cement og asfalt lettere [&hellip;]<\/p>\n","protected":false},"author":1,"featured_media":65,"parent":0,"menu_order":0,"comment_status":"closed","ping_status":"closed","template":"","meta":{"content-type":"","footnotes":""},"class_list":["post-77","page","type-page","status-publish","has-post-thumbnail","hentry"],"_links":{"self":[{"href":"https:\/\/viochar.com\/dk\/wp-json\/wp\/v2\/pages\/77","targetHints":{"allow":["GET"]}}],"collection":[{"href":"https:\/\/viochar.com\/dk\/wp-json\/wp\/v2\/pages"}],"about":[{"href":"https:\/\/viochar.com\/dk\/wp-json\/wp\/v2\/types\/page"}],"author":[{"embeddable":true,"href":"https:\/\/viochar.com\/dk\/wp-json\/wp\/v2\/users\/1"}],"replies":[{"embeddable":true,"href":"https:\/\/viochar.com\/dk\/wp-json\/wp\/v2\/comments?post=77"}],"version-history":[{"count":28,"href":"https:\/\/viochar.com\/dk\/wp-json\/wp\/v2\/pages\/77\/revisions"}],"predecessor-version":[{"id":675,"href":"https:\/\/viochar.com\/dk\/wp-json\/wp\/v2\/pages\/77\/revisions\/675"}],"wp:featuredmedia":[{"embeddable":true,"href":"https:\/\/viochar.com\/dk\/wp-json\/wp\/v2\/media\/65"}],"wp:attachment":[{"href":"https:\/\/viochar.com\/dk\/wp-json\/wp\/v2\/media?parent=77"}],"curies":[{"name":"wp","href":"https:\/\/api.w.org\/{rel}","templated":true}]}}